{"id":903,"date":"2024-12-06T10:27:50","date_gmt":"2024-12-06T10:27:50","guid":{"rendered":"https:\/\/auberge-parc-carola.com\/geschenk-ideen\/"},"modified":"2025-01-14T08:50:30","modified_gmt":"2025-01-14T08:50:30","slug":"geschenk-ideen","status":"publish","type":"page","link":"https:\/\/auberge-parc-carola.com\/de\/geschenk-ideen\/","title":{"rendered":"Geschenk Ideen"},"content":{"rendered":"\t\t<div data-elementor-type=\"wp-page\" data-elementor-id=\"903\" class=\"elementor elementor-903 elementor-433\" data-elementor-post-type=\"page\">\n\t\t\t\t<div class=\"elementor-element elementor-element-8ac44ef e-flex e-con-boxed e-con e-parent\" data-id=\"8ac44ef\" data-element_type=\"container\" data-e-type=\"container\">\n\t\t\t\t\t<div class=\"e-con-inner\">\n\t\t\t\t<div class=\"elementor-element elementor-element-eafb6c6 elementor-widget elementor-widget-products-ajibox\" data-id=\"eafb6c6\" data-element_type=\"widget\" data-e-type=\"widget\" data-widget_type=\"products-ajibox.default\">\n\t\t\t\t<div class=\"elementor-widget-container\">\n\t\t\t\t\t\t\t<div class=\"products\">\n\t\t\t\n\t\t\t\t<div class=\"section-cat\" id=\"1392\">\n\n\t\t\t\t\t<div class=\"col-full\">\n\n\t\t\t\t\t\t<div class=\"title-cat\">\n\t\t\t\t\t\t\tCh\u00e8ques Cadeaux\t\t\t\t\t\t\t<div class=\"hr\"><\/div>\n\t\t\t\t\t\t<\/div>\n\n\t\t\t\t\t\t<div class=\"products-cat col3\">\n\n\t\t\t\t\t\t\t\t\t\t\t\t\t\t\t<a class=\"product\" href=\"https:\/\/aji-box.com\/--\/cheque-cadeau-valeur-au-choix-auberge-du-parc-carola\/\" target=\"_blank\">\n\t\t\t\t\t\t\t\t\t<div class=\"image\" style=\"background-image:url(https:\/\/aji-box.com\/wp-content\/uploads\/2022\/08\/20220803_carola.png)\">\n\t\t\t\t\t\t\t\t\t<\/div>\n\n\n\t\t\t\t\t\t\t\t\t<div class=\"extra\">\n\n\t\t\t\t\t\t\t\t\t\t<div class=\"title\">\n\t\t\t\t\t\t\t\t\t\t\tCh\u00e8que Cadeau <br\/> Valeur au choix\t\t\t\t\t\t\t\t\t\t<\/div>\n\n\t\t\t\t\t\t\t\t\t\t\t\t\t\t\t\t\t\t\t\t\t<div class=\"price\">\n\t\t\t\t\t\t\t\t\t\t\t\t\u00c0 partir de <span class=\"woocommerce-Price-amount amount\"><bdi>60&nbsp;<span class=\"woocommerce-Price-currencySymbol\">&euro;<\/span><\/bdi><\/span>\t\t\t\t\t\t\t\t\t\t\t<\/div>\n\t\t\t\t\t\t\t\t\t\t\n\t\t\t\t\t\t\t\t\t\t<div class=\"desc\">\n\t\t\t\t\t\t\t\t\t\t\t\t\t\t\t\t\t\t\t\t\t\t\t\t\t\t\t\t\t\t\t\t<\/div>\n\n\t\t\t\t\t\t\t\t\t\t<div class=\"link link-a\">\n\t\t\t\t\t\t\t\t\t\t\tDiscover\t\t\t\t\t\t\t\t\t\t<\/div>\n\n\t\t\t\t\t\t\t\t\t<\/div>\n\n\n\t\t\t\t\t\t\t\t<\/a>\n\t\t\t\t\t\t\t\t\t\t\t\t\t\t\t<a class=\"product\" href=\"https:\/\/aji-box.com\/--\/cheque-cadeau-150e-auberge-du-parc-carola\/\" target=\"_blank\">\n\t\t\t\t\t\t\t\t\t<div class=\"image\" style=\"background-image:url(https:\/\/aji-box.com\/wp-content\/uploads\/2022\/08\/20220803_carola.png)\">\n\t\t\t\t\t\t\t\t\t<\/div>\n\n\n\t\t\t\t\t\t\t\t\t<div class=\"extra\">\n\n\t\t\t\t\t\t\t\t\t\t<div class=\"title\">\n\t\t\t\t\t\t\t\t\t\t\tCh\u00e8que Cadeau 150\u20ac\t\t\t\t\t\t\t\t\t\t<\/div>\n\n\t\t\t\t\t\t\t\t\t\t\t\t\t\t\t\t\t\t\t\t\t<div class=\"price\">\n\t\t\t\t\t\t\t\t\t\t\t\t<span class=\"woocommerce-Price-amount amount\"><bdi>150&nbsp;<span class=\"woocommerce-Price-currencySymbol\">&euro;<\/span><\/bdi><\/span>\t\t\t\t\t\t\t\t\t\t\t<\/div>\n\t\t\t\t\t\t\t\t\t\t\n\t\t\t\t\t\t\t\t\t\t<div class=\"desc\">\n\t\t\t\t\t\t\t\t\t\t\t\t\t\t\t\t\t\t\t\t\t\t\t\t\t\t\t\t\t\t\t\t<\/div>\n\n\t\t\t\t\t\t\t\t\t\t<div class=\"link link-a\">\n\t\t\t\t\t\t\t\t\t\t\tDiscover\t\t\t\t\t\t\t\t\t\t<\/div>\n\n\t\t\t\t\t\t\t\t\t<\/div>\n\n\n\t\t\t\t\t\t\t\t<\/a>\n\t\t\t\t\t\t\t\t\t\t\t\t\t\t\t<a class=\"product\" href=\"https:\/\/aji-box.com\/--\/cheque-cadeau-200e-auberge-du-parc-carola\/\" target=\"_blank\">\n\t\t\t\t\t\t\t\t\t<div class=\"image\" style=\"background-image:url(https:\/\/aji-box.com\/wp-content\/uploads\/2022\/08\/20220803_carola.png)\">\n\t\t\t\t\t\t\t\t\t<\/div>\n\n\n\t\t\t\t\t\t\t\t\t<div class=\"extra\">\n\n\t\t\t\t\t\t\t\t\t\t<div class=\"title\">\n\t\t\t\t\t\t\t\t\t\t\tCh\u00e8que Cadeau 200\u20ac\t\t\t\t\t\t\t\t\t\t<\/div>\n\n\t\t\t\t\t\t\t\t\t\t\t\t\t\t\t\t\t\t\t\t\t<div class=\"price\">\n\t\t\t\t\t\t\t\t\t\t\t\t<span class=\"woocommerce-Price-amount amount\"><bdi>200&nbsp;<span class=\"woocommerce-Price-currencySymbol\">&euro;<\/span><\/bdi><\/span>\t\t\t\t\t\t\t\t\t\t\t<\/div>\n\t\t\t\t\t\t\t\t\t\t\n\t\t\t\t\t\t\t\t\t\t<div class=\"desc\">\n\t\t\t\t\t\t\t\t\t\t\t\t\t\t\t\t\t\t\t\t\t\t\t\t\t\t\t\t\t\t\t\t<\/div>\n\n\t\t\t\t\t\t\t\t\t\t<div class=\"link link-a\">\n\t\t\t\t\t\t\t\t\t\t\tDiscover\t\t\t\t\t\t\t\t\t\t<\/div>\n\n\t\t\t\t\t\t\t\t\t<\/div>\n\n\n\t\t\t\t\t\t\t\t<\/a>\n\t\t\t\t\t\t\t\t\t\t\t\t\t\t\t<a class=\"product\" href=\"https:\/\/aji-box.com\/--\/cheque-cadeau-100e-auberge-du-parc-carola\/\" target=\"_blank\">\n\t\t\t\t\t\t\t\t\t<div class=\"image\" style=\"background-image:url(https:\/\/aji-box.com\/wp-content\/uploads\/2022\/08\/20220803_carola.png)\">\n\t\t\t\t\t\t\t\t\t<\/div>\n\n\n\t\t\t\t\t\t\t\t\t<div class=\"extra\">\n\n\t\t\t\t\t\t\t\t\t\t<div class=\"title\">\n\t\t\t\t\t\t\t\t\t\t\tCh\u00e8que Cadeau 100\u20ac\t\t\t\t\t\t\t\t\t\t<\/div>\n\n\t\t\t\t\t\t\t\t\t\t\t\t\t\t\t\t\t\t\t\t\t<div class=\"price\">\n\t\t\t\t\t\t\t\t\t\t\t\t<span class=\"woocommerce-Price-amount amount\"><bdi>100&nbsp;<span class=\"woocommerce-Price-currencySymbol\">&euro;<\/span><\/bdi><\/span>\t\t\t\t\t\t\t\t\t\t\t<\/div>\n\t\t\t\t\t\t\t\t\t\t\n\t\t\t\t\t\t\t\t\t\t<div class=\"desc\">\n\t\t\t\t\t\t\t\t\t\t\t\t\t\t\t\t\t\t\t\t\t\t\t\t\t\t\t\t\t\t\t\t<\/div>\n\n\t\t\t\t\t\t\t\t\t\t<div class=\"link link-a\">\n\t\t\t\t\t\t\t\t\t\t\tDiscover\t\t\t\t\t\t\t\t\t\t<\/div>\n\n\t\t\t\t\t\t\t\t\t<\/div>\n\n\n\t\t\t\t\t\t\t\t<\/a>\n\t\t\t\t\t\t\t\n\t\t\t\t\t\t<\/div>\n\n\t\t\t\t\t<\/div>\n\n\t\t\t\t<\/div>\n\n\n\n\t\t\t\t\n\t\t\t\t<div class=\"section-cat\" id=\"838\">\n\n\t\t\t\t\t<div class=\"col-full\">\n\n\t\t\t\t\t\t<div class=\"title-cat\">\n\t\t\t\t\t\t\tGastronomie\t\t\t\t\t\t\t<div class=\"hr\"><\/div>\n\t\t\t\t\t\t<\/div>\n\n\t\t\t\t\t\t<div class=\"products-cat col2\">\n\n\t\t\t\t\t\t\t\t\t\t\t\t\t\t\t<a class=\"product\" href=\"https:\/\/aji-box.com\/--\/menu-carola-2-personnes-auberge-du-parc-carola\/\" target=\"_blank\">\n\t\t\t\t\t\t\t\t\t<div class=\"image\" style=\"background-image:url(https:\/\/aji-box.com\/wp-content\/uploads\/2024\/12\/241202_Auberge-du-Parc-Carola11255Lucas-MULLER-Lukam-scaled.jpg)\">\n\t\t\t\t\t\t\t\t\t<\/div>\n\n\n\t\t\t\t\t\t\t\t\t<div class=\"extra\">\n\n\t\t\t\t\t\t\t\t\t\t<div class=\"title\">\n\t\t\t\t\t\t\t\t\t\t\tMenu Carola <br\/>  2 Personnes\t\t\t\t\t\t\t\t\t\t<\/div>\n\n\t\t\t\t\t\t\t\t\t\t\t\t\t\t\t\t\t\t\t\t\t<div class=\"price\">\n\t\t\t\t\t\t\t\t\t\t\t\t<span class=\"woocommerce-Price-amount amount\"><bdi>106&nbsp;<span class=\"woocommerce-Price-currencySymbol\">&euro;<\/span><\/bdi><\/span>\t\t\t\t\t\t\t\t\t\t\t<\/div>\n\t\t\t\t\t\t\t\t\t\t\n\t\t\t\t\t\t\t\t\t\t<div class=\"desc\">\n\t\t\t\t\t\t\t\t\t\t\t\t\t\t\t\t\t\t\t\t\t\t<p>Par personne\nMenu 3 cr\u00e9ations du moment\nSans boissons<\/p>\n\t\t\t\t\t\t\t\t\t\t<\/div>\n\n\t\t\t\t\t\t\t\t\t\t<div class=\"link link-a\">\n\t\t\t\t\t\t\t\t\t\t\tDiscover\t\t\t\t\t\t\t\t\t\t<\/div>\n\n\t\t\t\t\t\t\t\t\t<\/div>\n\n\n\t\t\t\t\t\t\t\t<\/a>\n\t\t\t\t\t\t\t\t\t\t\t\t\t\t\t<a class=\"product\" href=\"https:\/\/aji-box.com\/--\/menu-carola-avec-boissons-2-personnes-auberge-du-parc-carola\/\" target=\"_blank\">\n\t\t\t\t\t\t\t\t\t<div class=\"image\" style=\"background-image:url(https:\/\/aji-box.com\/wp-content\/uploads\/2024\/12\/241202_Auberge-du-Parc-Carola11268Lucas-MULLER-Lukam-scaled.jpg)\">\n\t\t\t\t\t\t\t\t\t<\/div>\n\n\n\t\t\t\t\t\t\t\t\t<div class=\"extra\">\n\n\t\t\t\t\t\t\t\t\t\t<div class=\"title\">\n\t\t\t\t\t\t\t\t\t\t\tMenu Carola avec Boissons <br\/> 2 Personnes\t\t\t\t\t\t\t\t\t\t<\/div>\n\n\t\t\t\t\t\t\t\t\t\t\t\t\t\t\t\t\t\t\t\t\t<div class=\"price\">\n\t\t\t\t\t\t\t\t\t\t\t\t<span class=\"woocommerce-Price-amount amount\"><bdi>154&nbsp;<span class=\"woocommerce-Price-currencySymbol\">&euro;<\/span><\/bdi><\/span>\t\t\t\t\t\t\t\t\t\t\t<\/div>\n\t\t\t\t\t\t\t\t\t\t\n\t\t\t\t\t\t\t\t\t\t<div class=\"desc\">\n\t\t\t\t\t\t\t\t\t\t\t\t\t\t\t\t\t\t\t\t\t\t<p>Par personne\nMenu 3 cr\u00e9ations du moment\nAvec 3 verres de vin &#8211; 1\/2 eau &#8211; caf\u00e9 ou th\u00e9 inclus<\/p>\n\t\t\t\t\t\t\t\t\t\t<\/div>\n\n\t\t\t\t\t\t\t\t\t\t<div class=\"link link-a\">\n\t\t\t\t\t\t\t\t\t\t\tDiscover\t\t\t\t\t\t\t\t\t\t<\/div>\n\n\t\t\t\t\t\t\t\t\t<\/div>\n\n\n\t\t\t\t\t\t\t\t<\/a>\n\t\t\t\t\t\t\t\t\t\t\t\t\t\t\t<a class=\"product\" href=\"https:\/\/aji-box.com\/--\/menu-gastronomique-avec-boissons-2-personnes-auberge-du-parc-carola\/\" target=\"_blank\">\n\t\t\t\t\t\t\t\t\t<div class=\"image\" style=\"background-image:url(https:\/\/aji-box.com\/wp-content\/uploads\/2024\/12\/241202_Auberge-du-Parc-Carola11249Lucas-MULLER-Lukam-scaled.jpg)\">\n\t\t\t\t\t\t\t\t\t<\/div>\n\n\n\t\t\t\t\t\t\t\t\t<div class=\"extra\">\n\n\t\t\t\t\t\t\t\t\t\t<div class=\"title\">\n\t\t\t\t\t\t\t\t\t\t\tMenu Gastronomique avec Boissons <br\/> 2 Personnes\t\t\t\t\t\t\t\t\t\t<\/div>\n\n\t\t\t\t\t\t\t\t\t\t\t\t\t\t\t\t\t\t\t\t\t<div class=\"price\">\n\t\t\t\t\t\t\t\t\t\t\t\t<span class=\"woocommerce-Price-amount amount\"><bdi>244&nbsp;<span class=\"woocommerce-Price-currencySymbol\">&euro;<\/span><\/bdi><\/span>\t\t\t\t\t\t\t\t\t\t\t<\/div>\n\t\t\t\t\t\t\t\t\t\t\n\t\t\t\t\t\t\t\t\t\t<div class=\"desc\">\n\t\t\t\t\t\t\t\t\t\t\t\t\t\t\t\t\t\t\t\t\t\t<p>Par personne\nMenu 6 cr\u00e9ations\u00a0 du Chef\nBoissons : 5 verres de vin en harmonie, 1\/2 eau &#8211; caf\u00e9 ou th\u00e9\n(servi \u00e0 l\u2019ensemble de la table &amp; command\u00e9 ...\t\t\t\t\t\t\t\t\t\t<\/div>\n\n\t\t\t\t\t\t\t\t\t\t<div class=\"link link-a\">\n\t\t\t\t\t\t\t\t\t\t\tDiscover\t\t\t\t\t\t\t\t\t\t<\/div>\n\n\t\t\t\t\t\t\t\t\t<\/div>\n\n\n\t\t\t\t\t\t\t\t<\/a>\n\t\t\t\t\t\t\t\t\t\t\t\t\t\t\t<a class=\"product\" href=\"https:\/\/aji-box.com\/--\/menu-decouverte-avec-boissons-2-personnes-auberge-du-parc-carola\/\" target=\"_blank\">\n\t\t\t\t\t\t\t\t\t<div class=\"image\" style=\"background-image:url(https:\/\/aji-box.com\/wp-content\/uploads\/2024\/12\/241202_Auberge-du-Parc-Carola11283Lucas-MULLER-Lukam-scaled.jpg)\">\n\t\t\t\t\t\t\t\t\t<\/div>\n\n\n\t\t\t\t\t\t\t\t\t<div class=\"extra\">\n\n\t\t\t\t\t\t\t\t\t\t<div class=\"title\">\n\t\t\t\t\t\t\t\t\t\t\tMenu D\u00e9couverte avec Boissons<br\/> 2 Personnes\t\t\t\t\t\t\t\t\t\t<\/div>\n\n\t\t\t\t\t\t\t\t\t\t\t\t\t\t\t\t\t\t\t\t\t<div class=\"price\">\n\t\t\t\t\t\t\t\t\t\t\t\t<span class=\"woocommerce-Price-amount amount\"><bdi>210&nbsp;<span class=\"woocommerce-Price-currencySymbol\">&euro;<\/span><\/bdi><\/span>\t\t\t\t\t\t\t\t\t\t\t<\/div>\n\t\t\t\t\t\t\t\t\t\t\n\t\t\t\t\t\t\t\t\t\t<div class=\"desc\">\n\t\t\t\t\t\t\t\t\t\t\t\t\t\t\t\t\t\t\t\t\t\t<p>Par personne\nMenu 4 cr\u00e9ations du moment\nAvec 4 verres de vin &#8211; 1\/2 eau &#8211; caf\u00e9 ou th\u00e9 inclus<\/p>\n\t\t\t\t\t\t\t\t\t\t<\/div>\n\n\t\t\t\t\t\t\t\t\t\t<div class=\"link link-a\">\n\t\t\t\t\t\t\t\t\t\t\tDiscover\t\t\t\t\t\t\t\t\t\t<\/div>\n\n\t\t\t\t\t\t\t\t\t<\/div>\n\n\n\t\t\t\t\t\t\t\t<\/a>\n\t\t\t\t\t\t\t\t\t\t\t\t\t\t\t<a class=\"product\" href=\"https:\/\/aji-box.com\/--\/menu-decouverte-2-personnes-auberge-du-parc-carola\/\" target=\"_blank\">\n\t\t\t\t\t\t\t\t\t<div class=\"image\" style=\"background-image:url(https:\/\/aji-box.com\/wp-content\/uploads\/2024\/12\/241202_Auberge-du-Parc-Carola11276Lucas-MULLER-Lukam-scaled.jpg)\">\n\t\t\t\t\t\t\t\t\t<\/div>\n\n\n\t\t\t\t\t\t\t\t\t<div class=\"extra\">\n\n\t\t\t\t\t\t\t\t\t\t<div class=\"title\">\n\t\t\t\t\t\t\t\t\t\t\tMenu D\u00e9couverte<br\/> 2 Personnes\t\t\t\t\t\t\t\t\t\t<\/div>\n\n\t\t\t\t\t\t\t\t\t\t\t\t\t\t\t\t\t\t\t\t\t<div class=\"price\">\n\t\t\t\t\t\t\t\t\t\t\t\t<span class=\"woocommerce-Price-amount amount\"><bdi>150&nbsp;<span class=\"woocommerce-Price-currencySymbol\">&euro;<\/span><\/bdi><\/span>\t\t\t\t\t\t\t\t\t\t\t<\/div>\n\t\t\t\t\t\t\t\t\t\t\n\t\t\t\t\t\t\t\t\t\t<div class=\"desc\">\n\t\t\t\t\t\t\t\t\t\t\t\t\t\t\t\t\t\t\t\t\t\t<p>Par personne\nMenu 4 cr\u00e9ations du moment\nSans boissons<\/p>\n\t\t\t\t\t\t\t\t\t\t<\/div>\n\n\t\t\t\t\t\t\t\t\t\t<div class=\"link link-a\">\n\t\t\t\t\t\t\t\t\t\t\tDiscover\t\t\t\t\t\t\t\t\t\t<\/div>\n\n\t\t\t\t\t\t\t\t\t<\/div>\n\n\n\t\t\t\t\t\t\t\t<\/a>\n\t\t\t\t\t\t\t\t\t\t\t\t\t\t\t<a class=\"product\" href=\"https:\/\/aji-box.com\/--\/menu-gastronomique-2-personnes-auberge-du-parc-carola\/\" target=\"_blank\">\n\t\t\t\t\t\t\t\t\t<div class=\"image\" style=\"background-image:url(https:\/\/aji-box.com\/wp-content\/uploads\/2024\/12\/241202_Auberge-du-Parc-Carola11216Lucas-MULLER-Lukam-scaled.jpg)\">\n\t\t\t\t\t\t\t\t\t<\/div>\n\n\n\t\t\t\t\t\t\t\t\t<div class=\"extra\">\n\n\t\t\t\t\t\t\t\t\t\t<div class=\"title\">\n\t\t\t\t\t\t\t\t\t\t\tMenu Gastronomique <br\/> 2 Personnes\t\t\t\t\t\t\t\t\t\t<\/div>\n\n\t\t\t\t\t\t\t\t\t\t\t\t\t\t\t\t\t\t\t\t\t<div class=\"price\">\n\t\t\t\t\t\t\t\t\t\t\t\t<span class=\"woocommerce-Price-amount amount\"><bdi>172&nbsp;<span class=\"woocommerce-Price-currencySymbol\">&euro;<\/span><\/bdi><\/span>\t\t\t\t\t\t\t\t\t\t\t<\/div>\n\t\t\t\t\t\t\t\t\t\t\n\t\t\t\t\t\t\t\t\t\t<div class=\"desc\">\n\t\t\t\t\t\t\t\t\t\t\t\t\t\t\t\t\t\t\t\t\t\t<p>Par personne\nMenu 6 cr\u00e9ations\u00a0 du Chef comprenant:\n(servi \u00e0 l\u2019ensemble de la table &amp; command\u00e9 avant 20h30)<\/p>\n\t\t\t\t\t\t\t\t\t\t<\/div>\n\n\t\t\t\t\t\t\t\t\t\t<div class=\"link link-a\">\n\t\t\t\t\t\t\t\t\t\t\tDiscover\t\t\t\t\t\t\t\t\t\t<\/div>\n\n\t\t\t\t\t\t\t\t\t<\/div>\n\n\n\t\t\t\t\t\t\t\t<\/a>\n\t\t\t\t\t\t\t\n\t\t\t\t\t\t<\/div>\n\n\t\t\t\t\t<\/div>\n\n\t\t\t\t<\/div>\n\n\n\n\t\t\t\t\n\n\t\t\t\n\n\n\t\t<\/div>\n\n\t\t\t\t\t\t<\/div>\n\t\t\t\t<\/div>\n\t\t\t\t\t<\/div>\n\t\t\t\t<\/div>\n\t\t\t\t<\/div>\n\t\t","protected":false},"excerpt":{"rendered":"<p>Ch\u00e8ques Cadeaux Ch\u00e8que Cadeau Valeur au choix \u00c0 partir de 60&nbsp;&euro; D\u00e9couvrir Ch\u00e8que Cadeau 150\u20ac 150&nbsp;&euro; D\u00e9couvrir Ch\u00e8que Cadeau 200\u20ac 200&nbsp;&euro; D\u00e9couvrir Ch\u00e8que Cadeau 100\u20ac 100&nbsp;&euro; D\u00e9couvrir Gastronomie Menu Carola 2 Personnes 100&nbsp;&euro; Par personne Menu 3 cr\u00e9ations du moment Sans boissons D\u00e9couvrir Menu Carola avec Boissons 2 Personnes 148&nbsp;&euro; Par personne Menu 3 cr\u00e9ations [&hellip;]<\/p>\n","protected":false},"author":2,"featured_media":0,"parent":0,"menu_order":0,"comment_status":"closed","ping_status":"closed","template":"","meta":{"_acf_changed":false,"footnotes":""},"coauthors":[],"class_list":["post-903","page","type-page","status-publish","hentry"],"acf":[],"_links":{"self":[{"href":"https:\/\/auberge-parc-carola.com\/de\/wp-json\/wp\/v2\/pages\/903","targetHints":{"allow":["GET"]}}],"collection":[{"href":"https:\/\/auberge-parc-carola.com\/de\/wp-json\/wp\/v2\/pages"}],"about":[{"href":"https:\/\/auberge-parc-carola.com\/de\/wp-json\/wp\/v2\/types\/page"}],"author":[{"embeddable":true,"href":"https:\/\/auberge-parc-carola.com\/de\/wp-json\/wp\/v2\/users\/2"}],"replies":[{"embeddable":true,"href":"https:\/\/auberge-parc-carola.com\/de\/wp-json\/wp\/v2\/comments?post=903"}],"version-history":[{"count":1,"href":"https:\/\/auberge-parc-carola.com\/de\/wp-json\/wp\/v2\/pages\/903\/revisions"}],"predecessor-version":[{"id":904,"href":"https:\/\/auberge-parc-carola.com\/de\/wp-json\/wp\/v2\/pages\/903\/revisions\/904"}],"wp:attachment":[{"href":"https:\/\/auberge-parc-carola.com\/de\/wp-json\/wp\/v2\/media?parent=903"}],"wp:term":[{"taxonomy":"author","embeddable":true,"href":"https:\/\/auberge-parc-carola.com\/de\/wp-json\/wp\/v2\/coauthors?post=903"}],"curies":[{"name":"wp","href":"https:\/\/api.w.org\/{rel}","templated":true}]}}